{"id":64,"date":"2016-08-09T07:55:02","date_gmt":"2016-08-09T07:55:02","guid":{"rendered":"https:\/\/themify.me\/demo\/themes\/ultra-restaurant\/?page_id=5654"},"modified":"2025-09-29T15:03:36","modified_gmt":"2025-09-29T15:03:36","slug":"contact","status":"publish","type":"page","link":"https:\/\/thedriftwoodsurfer.net\/es\/contact\/","title":{"rendered":"Cont\u00e1ctanos"},"content":{"rendered":"<!--themify_builder_content-->\r\n<div id=\"themify_builder_content-64\" data-postid=\"64\" class=\"themify_builder_content themify_builder_content-64 themify_builder tf_clear\">\r\n    \t\t\t<!-- module_row -->\r\n\t<div  data-zoom-bg=\"desktop\" data-lazy=\"1\" class=\"module_row themify_builder_row tb_wc26600 tb_first tf_w tf_clearfix\">\r\n\t    <div class=\"builder_row_cover tf_abs\"><\/div><div class=\"tb_row_frame_wrap tf_overflow tf_abs\" data-lazy=\"1\"><div class=\"tb_row_frame tb_row_frame_bottom  tf_abs tf_hide tf_overflow tf_w\"><\/div><\/div>\t\t\t<div class=\"row_inner col_align_top tb_col_count_1 tf_box tf_rel\">\r\n\t\t            <div  data-lazy=\"1\" class=\"module_column tb-column col-full tb_tvlg406 first\">\r\n                                                        <div class=\"tb-column-inner tf_box tf_w\">\r\n                        <!-- module image -->\r\n<div  class=\"module module-image tb_zxg3170   image-top tf_mw\" data-lazy=\"1\">\r\n        <div class=\"image-wrap tf_rel tf_mw\">\r\n\t\t    <img loading=\"lazy\" decoding=\"async\" src=\"https:\/\/thedriftwoodsurfer.net\/wp-content\/uploads\/2019\/09\/whitelogo-1-300x300.png\" width=\"300\" height=\"300\" class=\"wp-post-image wp-image-7\" title=\"whitelogo\" alt=\"whitelogo\" srcset=\"https:\/\/thedriftwoodsurfer.net\/wp-content\/uploads\/2019\/09\/whitelogo-1-300x300.png 300w, https:\/\/thedriftwoodsurfer.net\/wp-content\/uploads\/2019\/09\/whitelogo-1-150x150.png 150w, https:\/\/thedriftwoodsurfer.net\/wp-content\/uploads\/2019\/09\/whitelogo-1-768x768.png 768w, https:\/\/thedriftwoodsurfer.net\/wp-content\/uploads\/2019\/09\/whitelogo-1.png 1000w\" sizes=\"auto, (max-width: 300px) 100vw, 300px\" \/>\t\r\n\t\t<\/div>\r\n\t<!-- \/image-wrap -->\r\n    \r\n    \t<\/div>\r\n<!-- \/module image --><!-- module text -->\r\n<div  class=\"module module-text tb_zk8g98\" data-lazy=\"1\">\r\n        <div  class=\"tb_text_wrap\">\r\n    <p style=\"\\\"text-align:\" center;\\\">Cont\u00e1ctanos<\/p>    <\/div>\r\n<\/div>\r\n<!-- \/module text -->                    <\/div><!-- .tb-column-inner -->\r\n                            <\/div><!-- .module_column -->\r\n            \t    <\/div><!-- .row_inner -->\r\n\t<\/div><!-- .module_row -->\r\n\t\t\t\t<!-- module_row -->\r\n\t<div  data-lazy=\"1\" class=\"module_row themify_builder_row tb_ea2h514 tf_w tf_clearfix\">\r\n\t    \t\t\t<div class=\"row_inner col_align_top tb_col_count_2 tf_box tf_rel\">\r\n\t\t            <div  data-lazy=\"1\" class=\"module_column tb-column tb_mf48515 first\">\r\n                                                        <div class=\"tb-column-inner tf_box tf_w\">\r\n                        <!-- module text -->\r\n<div  class=\"module module-text tb_d1c1497\" data-lazy=\"1\">\r\n        <div  class=\"tb_text_wrap\">\r\n    <h1 style=\"\\\"text-align:\" center;\\\">Preguntas Frecuentes<\/h1>    <\/div>\r\n<\/div>\r\n<!-- \/module text --><!-- module accordion -->\r\n<div  class=\"module module-accordion tb_8b6m277\" data-behavior=\"accordion\" data-lazy=\"1\">\r\n    \r\n    <ul class=\"ui module-accordion plus-icon-button  transparent\">\r\n\t\t    <li>\r\n\t\t\t<div class=\"accordion-title tf_rel\">\r\n\t\t\t\t<a href=\"#acc-8b6m277-0\" aria-controls=\"acc-8b6m277-0-content\" aria-expanded=\"false\">\r\n\t\t\t\t\t<i class=\"accordion-icon\"><svg  class=\"tf_fa tf-ti-help\" aria-hidden=\"true\"><use href=\"#tf-ti-help\"><\/use><\/svg><\/i>\t\t\t\t\t<i class=\"accordion-active-icon tf_hide\"><svg  class=\"tf_fa tf-ti-thumb-up\" aria-hidden=\"true\"><use href=\"#tf-ti-thumb-up\"><\/use><\/svg><\/i>\t\t\t\t\t<span class=\"tb_title_accordion tf_w\">Puedo llevar a mis hijos\/hijas menores de edad?\u2028<\/span>\r\n\t\t\t\t<\/a>\r\n\t\t\t<\/div><!-- .accordion-title -->\r\n\r\n\t\t\t<div id=\"acc-8b6m277-0-content\" data-id=\"acc-8b6m277-0\" aria-hidden=\"true\" class=\"accordion-content tf_hide tf_clearfix\">\r\n\r\n\t\t\t\t\t\t\t\t\t<div\t\t\t\t\t\tclass=\"tb_text_wrap\"\r\n\t\t\t\t\t\t>\r\n\t\t\t\t\t\t<p>Our hotel is designed for all types of guests, though the atmosphere is lively and mainly geared toward adults.<\/p>\t\t\t\t\t<\/div>\r\n\t\t\t\t\r\n\t\t\t<\/div><!-- .accordion-content -->\r\n\t    <\/li>\r\n\t\t    <li>\r\n\t\t\t<div class=\"accordion-title tf_rel\">\r\n\t\t\t\t<a href=\"#acc-8b6m277-1\" aria-controls=\"acc-8b6m277-1-content\" aria-expanded=\"false\">\r\n\t\t\t\t\t<i class=\"accordion-icon\"><svg  class=\"tf_fa tf-ti-help\" aria-hidden=\"true\"><use href=\"#tf-ti-help\"><\/use><\/svg><\/i>\t\t\t\t\t<i class=\"accordion-active-icon tf_hide\"><svg  class=\"tf_fa tf-ti-thumb-up\" aria-hidden=\"true\"><use href=\"#tf-ti-thumb-up\"><\/use><\/svg><\/i>\t\t\t\t\t<span class=\"tb_title_accordion tf_w\">Son bienvenidas mis mascotas?\u2028<\/span>\r\n\t\t\t\t<\/a>\r\n\t\t\t<\/div><!-- .accordion-title -->\r\n\r\n\t\t\t<div id=\"acc-8b6m277-1-content\" data-id=\"acc-8b6m277-1\" aria-hidden=\"true\" class=\"accordion-content tf_hide tf_clearfix\">\r\n\r\n\t\t\t\t\t\t\t\t\t<div\t\t\t\t\t\tclass=\"tb_text_wrap\"\r\n\t\t\t\t\t\t>\r\n\t\t\t\t\t\t<p>Por supuesto! Puedes traer a tus peludos, solo aseg\u00farate de siempre tenerlos a la vista.\u2028<\/p>\t\t\t\t\t<\/div>\r\n\t\t\t\t\r\n\t\t\t<\/div><!-- .accordion-content -->\r\n\t    <\/li>\r\n\t\t    <li>\r\n\t\t\t<div class=\"accordion-title tf_rel\">\r\n\t\t\t\t<a href=\"#acc-8b6m277-2\" aria-controls=\"acc-8b6m277-2-content\" aria-expanded=\"false\">\r\n\t\t\t\t\t<i class=\"accordion-icon\"><svg  class=\"tf_fa tf-ti-help\" aria-hidden=\"true\"><use href=\"#tf-ti-help\"><\/use><\/svg><\/i>\t\t\t\t\t<i class=\"accordion-active-icon tf_hide\"><svg  class=\"tf_fa tf-ti-thumb-up\" aria-hidden=\"true\"><use href=\"#tf-ti-thumb-up\"><\/use><\/svg><\/i>\t\t\t\t\t<span class=\"tb_title_accordion tf_w\">A qu\u00e9 hora es el check-in y el check-out?\u2028<\/span>\r\n\t\t\t\t<\/a>\r\n\t\t\t<\/div><!-- .accordion-title -->\r\n\r\n\t\t\t<div id=\"acc-8b6m277-2-content\" data-id=\"acc-8b6m277-2\" aria-hidden=\"true\" class=\"accordion-content tf_hide tf_clearfix\">\r\n\r\n\t\t\t\t\t\t\t\t\t<div\t\t\t\t\t\tclass=\"tb_text_wrap\"\r\n\t\t\t\t\t\t>\r\n\t\t\t\t\t\t<p>El check-in es de 11 am a 5 pm. Por favor, haz el check-out antes de las 10 am\u2028.<\/p>\t\t\t\t\t<\/div>\r\n\t\t\t\t\r\n\t\t\t<\/div><!-- .accordion-content -->\r\n\t    <\/li>\r\n\t\t    <li>\r\n\t\t\t<div class=\"accordion-title tf_rel\">\r\n\t\t\t\t<a href=\"#acc-8b6m277-3\" aria-controls=\"acc-8b6m277-3-content\" aria-expanded=\"false\">\r\n\t\t\t\t\t<i class=\"accordion-icon\"><svg  class=\"tf_fa tf-ti-help\" aria-hidden=\"true\"><use href=\"#tf-ti-help\"><\/use><\/svg><\/i>\t\t\t\t\t<i class=\"accordion-active-icon tf_hide\"><svg  class=\"tf_fa tf-ti-thumb-up\" aria-hidden=\"true\"><use href=\"#tf-ti-thumb-up\"><\/use><\/svg><\/i>\t\t\t\t\t<span class=\"tb_title_accordion tf_w\">Cu\u00e1l es su pol\u00edtica de cancelaci\u00f3n?\u2028<\/span>\r\n\t\t\t\t<\/a>\r\n\t\t\t<\/div><!-- .accordion-title -->\r\n\r\n\t\t\t<div id=\"acc-8b6m277-3-content\" data-id=\"acc-8b6m277-3\" aria-hidden=\"true\" class=\"accordion-content tf_hide tf_clearfix\">\r\n\r\n\t\t\t\t\t\t\t\t\t<div\t\t\t\t\t\tclass=\"tb_text_wrap\"\r\n\t\t\t\t\t\t>\r\n\t\t\t\t\t\t<p>Tenemos una pol\u00edtica de cancelaci\u00f3n de 1 d\u00eda (24 horas). Si no nos avisas dentro de este tiempo, se te cobrar\u00e1 un cargo por cancelaci\u00f3n igual a la primera noche de su estad\u00eda.\u2028<\/p>\t\t\t\t\t<\/div>\r\n\t\t\t\t\r\n\t\t\t<\/div><!-- .accordion-content -->\r\n\t    <\/li>\r\n\t\t    <li>\r\n\t\t\t<div class=\"accordion-title tf_rel\">\r\n\t\t\t\t<a href=\"#acc-8b6m277-4\" aria-controls=\"acc-8b6m277-4-content\" aria-expanded=\"false\">\r\n\t\t\t\t\t<i class=\"accordion-icon\"><svg  class=\"tf_fa tf-ti-help\" aria-hidden=\"true\"><use href=\"#tf-ti-help\"><\/use><\/svg><\/i>\t\t\t\t\t<i class=\"accordion-active-icon tf_hide\"><svg  class=\"tf_fa tf-ti-thumb-up\" aria-hidden=\"true\"><use href=\"#tf-ti-thumb-up\"><\/use><\/svg><\/i>\t\t\t\t\t<span class=\"tb_title_accordion tf_w\">Hay cajeros autom\u00e1ticos cerca?\u2028<\/span>\r\n\t\t\t\t<\/a>\r\n\t\t\t<\/div><!-- .accordion-title -->\r\n\r\n\t\t\t<div id=\"acc-8b6m277-4-content\" data-id=\"acc-8b6m277-4\" aria-hidden=\"true\" class=\"accordion-content tf_hide tf_clearfix\">\r\n\r\n\t\t\t\t\t\t\t\t\t<div\t\t\t\t\t\tclass=\"tb_text_wrap\"\r\n\t\t\t\t\t\t>\r\n\t\t\t\t\t\t<p><span style=\"background-color: initial; color: inherit;\">There is an ATM available at the Super 24 in El Pared\u00f3n. And if you ever run out of cash, no worries \u2014 we also accept credit cards.<\/span>\u00a0<\/p>\t\t\t\t\t<\/div>\r\n\t\t\t\t\r\n\t\t\t<\/div><!-- .accordion-content -->\r\n\t    <\/li>\r\n\t\t    <li>\r\n\t\t\t<div class=\"accordion-title tf_rel\">\r\n\t\t\t\t<a href=\"#acc-8b6m277-5\" aria-controls=\"acc-8b6m277-5-content\" aria-expanded=\"false\">\r\n\t\t\t\t\t<i class=\"accordion-icon\"><svg  class=\"tf_fa tf-ti-help\" aria-hidden=\"true\"><use href=\"#tf-ti-help\"><\/use><\/svg><\/i>\t\t\t\t\t<i class=\"accordion-active-icon tf_hide\"><svg  class=\"tf_fa tf-ti-thumb-up\" aria-hidden=\"true\"><use href=\"#tf-ti-thumb-up\"><\/use><\/svg><\/i>\t\t\t\t\t<span class=\"tb_title_accordion tf_w\">Puedo llevar mis propias bebidas?\u2028<\/span>\r\n\t\t\t\t<\/a>\r\n\t\t\t<\/div><!-- .accordion-title -->\r\n\r\n\t\t\t<div id=\"acc-8b6m277-5-content\" data-id=\"acc-8b6m277-5\" aria-hidden=\"true\" class=\"accordion-content tf_hide tf_clearfix\">\r\n\r\n\t\t\t\t\t\t\t\t\t<div\t\t\t\t\t\tclass=\"tb_text_wrap\"\r\n\t\t\t\t\t\t>\r\n\t\t\t\t\t\t<p>En la propiedad <b>no <\/b>puedes ingresar bebidas ajenas al hostal. Tenemos dos bares completamente abastecidos, as\u00ed que no lo necesitar\u00e1s de todas formas.\u00a0\u00a0<\/p>\t\t\t\t\t<\/div>\r\n\t\t\t\t\r\n\t\t\t<\/div><!-- .accordion-content -->\r\n\t    <\/li>\r\n\t\t    <li>\r\n\t\t\t<div class=\"accordion-title tf_rel\">\r\n\t\t\t\t<a href=\"#acc-8b6m277-6\" aria-controls=\"acc-8b6m277-6-content\" aria-expanded=\"false\">\r\n\t\t\t\t\t<i class=\"accordion-icon\"><svg  class=\"tf_fa tf-ti-help\" aria-hidden=\"true\"><use href=\"#tf-ti-help\"><\/use><\/svg><\/i>\t\t\t\t\t<i class=\"accordion-active-icon tf_hide\"><svg  class=\"tf_fa tf-ti-thumb-up\" aria-hidden=\"true\"><use href=\"#tf-ti-thumb-up\"><\/use><\/svg><\/i>\t\t\t\t\t<span class=\"tb_title_accordion tf_w\">Tienen un m\u00ednimo de noches para hospedarse ah\u00ed?\u2028<\/span>\r\n\t\t\t\t<\/a>\r\n\t\t\t<\/div><!-- .accordion-title -->\r\n\r\n\t\t\t<div id=\"acc-8b6m277-6-content\" data-id=\"acc-8b6m277-6\" aria-hidden=\"true\" class=\"accordion-content tf_hide tf_clearfix\">\r\n\r\n\t\t\t\t\t\t\t\t\t<div\t\t\t\t\t\tclass=\"tb_text_wrap\"\r\n\t\t\t\t\t\t>\r\n\t\t\t\t\t\t<p>S\u00ed, todas las reservaciones requieren un m\u00ednimo de 2 noches.\u2028<\/p>\t\t\t\t\t<\/div>\r\n\t\t\t\t\r\n\t\t\t<\/div><!-- .accordion-content -->\r\n\t    <\/li>\r\n\t    <\/ul>\r\n\r\n<\/div><!-- \/module accordion -->                    <\/div><!-- .tb-column-inner -->\r\n                            <\/div><!-- .module_column -->\r\n                        <div  data-lazy=\"1\" class=\"module_column tb-column tb_ccnz515 last\">\r\n                                                        <div class=\"tb-column-inner tf_box tf_w\">\r\n                        <!-- module text -->\r\n<div  class=\"module module-text tb_w414739  repeat\" data-lazy=\"1\">\r\n        <div  class=\"tb_text_wrap\">\r\n    <h1 style=\"\\\"text-align:\" center;\\\">H\u00e1blanos sin pena!<\/h1>    <\/div>\r\n<\/div>\r\n<!-- \/module text --><!-- module buttons -->\r\n<div  class=\"module module-buttons tb_u7q6346 buttons-horizontal solid  large circle\" data-lazy=\"1\">\r\n    \t<div class=\"module-buttons-item tf_inline_b\">\r\n\t\t\t\t\t\t\t<a href=\"https:\/\/api.whatsapp.com\/send?phone=50230366891\" class=\"ui builder_button orange\" target=\"_blank\" rel=\"noopener\">\r\n\t\t\t\t\t\t\t\t\t\t\t<span class=\"tf_inline_b tf_vmiddle\">Whatsapp<\/span>\r\n\t\t\t\t\t\t\t\t\t<em class=\"tf_inline_b tf_vmiddle\"><svg  class=\"tf_fa tf-ti-mobile\" aria-hidden=\"true\"><use href=\"#tf-ti-mobile\"><\/use><\/svg><\/em>\t\t\t\t\t\t\t\t\t\t\t<\/a>\r\n\t\t\t    \t<\/div>\r\n    <\/div>\r\n<!-- \/module buttons -->\r\n                    <\/div><!-- .tb-column-inner -->\r\n                            <\/div><!-- .module_column -->\r\n            \t    <\/div><!-- .row_inner -->\r\n\t<\/div><!-- .module_row -->\r\n\t\t\t\t<!-- module_row -->\r\n\t<div  data-css_id=\"ji83000\" data-lazy=\"1\" class=\"module_row themify_builder_row fullwidth tb_ji83000 tf_w tf_clearfix\">\r\n\t    \t\t\t<div class=\"row_inner col_align_top tb_col_count_1 tf_box tf_rel\">\r\n\t\t            <div  data-lazy=\"1\" class=\"module_column tb-column col-full tb_8fgx220 first\">\r\n                                                        <div class=\"tb-column-inner tf_box tf_w\">\r\n                        <!-- module text -->\r\n<div  class=\"module module-text tb_sqtr134  repeat\" data-lazy=\"1\">\r\n        <div  class=\"tb_text_wrap\">\r\n    <h2 style=\"\\\"text-align:\" center;\\\"><b>Como llegar a nosotros!<\/b><\/h2>    <\/div>\r\n<\/div>\r\n<!-- \/module text -->                    <\/div><!-- .tb-column-inner -->\r\n                            <\/div><!-- .module_column -->\r\n            \t    <\/div><!-- .row_inner -->\r\n\t<\/div><!-- .module_row -->\r\n\t\t\t\t<!-- module_row -->\r\n\t<div  data-lazy=\"1\" class=\"module_row themify_builder_row tb_jzs3903 tf_w tf_clearfix\">\r\n\t    \t\t\t<div class=\"row_inner col_align_top tb_col_count_1 tf_box tf_rel\">\r\n\t\t            <div  data-lazy=\"1\" class=\"module_column tb-column col-full tb_3dmm903 first\">\r\n                                                        <div class=\"tb-column-inner tf_box tf_w\">\r\n                        <!-- module text -->\r\n<div  class=\"module module-text tb_xy47490  repeat\" data-lazy=\"1\">\r\n        <div  class=\"tb_text_wrap\">\r\n    <p>\u00a0<\/p>\n<p>Estamos situados en la playa, en el coraz\u00f3n de El Pared\u00f3n. Puedes llegar a nosotros f\u00e1cilmente:<\/p>\n<p><strong><img decoding=\"async\" class=\"\\&quot;alignnone\" src=\"\\&quot;https:\/\/thedriftwoodsurfer.net\/wp-content\/uploads\/2019\/10\/My-Post-Copy-2.png\\&quot;\" alt=\"\\&quot;\\&quot;\" width=\"\\&quot;72\\&quot;\" height=\"\\&quot;72\\&quot;\" \/><\/strong><\/p>\n<p><b>Transporte directo:<\/b><\/p>\n<p><b>The shuttle from Antigua to El Paredon:<\/b><\/p>\n<p>Daily 9:00 am and 3 pm and they take about 2.5 hours to get to us. Q110 one way<\/p>\n<p><b>\u00a0<\/b><\/p>\n<p><b>The shuttle from El Paredon to Panajachel Lake Atitlan<\/b><\/p>\n<p>Daily at 8 am, it is a 3.5-hour drive. Q200 one way<\/p>\n<p><strong>The shuttle from El Paredon to San pedro Lake Atitlan<\/strong><\/p>\n<p>Daily at 9 am, it is a 4-hour drive. Q215 one way<\/p>\n<p><b>The shuttle from El Paredon to Guatemala City:<\/b><\/p>\n<p>Shuttle departs every day at 9 am and 3 pm every day and stops at Antigua, from there goes to Guatemala City. This takes about 4.5 hours to get there. Q200 one way<\/p>\n<p><b>The shuttle from Guatemala City to El Paredon:<\/b><\/p>\n<p>Leaves at 7 am from either your hostel or airport (some restrictions apply, check in advance), stops in Antigua, and then continues to El Paredon, which takes 4.5 hours. Q200 one way<\/p>\n<p><strong>The shuttle from El Paredon to El Salvador ( El Tunco or Santa Ana):<\/strong><\/p>\n<p>Leaves at 9 am from The Driftwood Surfer. Q400 one way<\/p>\n<p>\u00a0<\/p>\n<p>If you\u2019re coming from the airport or Antigua and want a private direct shuttle \u2013 just send us a message and we can organize that for you!<\/p>\n<p>If you would like a private shuttle we are able to organize this for you.<span class=\"\\&quot;Apple-converted-space\\&quot;\">\u00a0<\/span><\/p>\n<p><b><img decoding=\"async\" class=\"\\&quot;alignnone\" src=\"\\&quot;https:\/\/thedriftwoodsurfer.net\/wp-content\/uploads\/2019\/10\/My-Post-Copy-3.png\\&quot;\" alt=\"\\&quot;\\&quot;\" width=\"\\&quot;79\\&quot;\" height=\"\\&quot;79\\&quot;\" \/>En carro: <\/b><\/p>\n<p>Si quieres hacer un viaje por carretera a la costa, est\u00e1s a unas 2-3 horas en autom\u00f3vil desde Antigua. Pon nuestro nombre en <a href=\"\/es\/\\&quot;https:\/\/goo.gl\/maps\/E2ekhuKAUKCLJPZeA\\&quot;\/\">Google Maps<\/a> o <a href=\"\/es\/\\&quot;https:\/\/www.waze.com\/ul\/?ll=13.91599971%2C-91.06889248&amp;navigate=yes&amp;zoom=17\\&quot;\">Waze<\/a> y te llevar\u00e1 directamente a nosotros!<\/p>    <\/div>\r\n<\/div>\r\n<!-- \/module text -->                    <\/div><!-- .tb-column-inner -->\r\n                            <\/div><!-- .module_column -->\r\n            \t    <\/div><!-- .row_inner -->\r\n\t<\/div><!-- .module_row -->\r\n\t<\/div>\r\n<!--\/themify_builder_content-->","protected":false},"excerpt":{"rendered":"<p>Cont\u00e1ctanos<\/p>","protected":false},"author":1,"featured_media":729,"parent":0,"menu_order":0,"comment_status":"closed","ping_status":"closed","template":"","meta":{"om_disable_all_campaigns":false,"_monsterinsights_skip_tracking":false,"_monsterinsights_sitenote_active":false,"_monsterinsights_sitenote_note":"","_monsterinsights_sitenote_category":0,"_uf_show_specific_survey":0,"_uf_disable_surveys":false,"footnotes":""},"class_list":["post-64","page","type-page","status-publish","has-post-thumbnail","hentry","has-post-title","has-post-date","has-post-category","has-post-tag","has-post-comment","has-post-author",""],"builder_content":"<img src=\"https:\/\/thedriftwoodsurfer.net\/wp-content\/uploads\/2019\/09\/whitelogo-1-300x300.png\" width=\"300\" height=\"300\" title=\"whitelogo\" alt=\"whitelogo\" srcset=\"https:\/\/thedriftwoodsurfer.net\/wp-content\/uploads\/2019\/09\/whitelogo-1-300x300.png 300w, https:\/\/thedriftwoodsurfer.net\/wp-content\/uploads\/2019\/09\/whitelogo-1-150x150.png 150w, https:\/\/thedriftwoodsurfer.net\/wp-content\/uploads\/2019\/09\/whitelogo-1-768x768.png 768w, https:\/\/thedriftwoodsurfer.net\/wp-content\/uploads\/2019\/09\/whitelogo-1.png 1000w\" sizes=\"(max-width: 300px) 100vw, 300px\" \/>\n<p style=\\\"text-align: center;\\\">Contact Us<\/p>\n<h1 style=\\\"text-align: center;\\\">Questions<\/h1>\n<ul><li><h4>Can I bring my kids?<\/h4><p>Our hotel is designed for all types of guests, though the atmosphere is lively and mainly geared toward adults.<\/p><\/li><li><h4>Are you pet-friendly?<\/h4><p>Absolutely! You can bring your furry friends - just make sure you keep your eye on them.<\/p><\/li><li><h4>What time is check-in & check-out?<\/h4><p>Check-in is from 11:00am to 5:00pm. Please make sure you check-out before 10:00 am.<\/p><\/li><li><h4>What is your cancellation policy?<\/h4><p>We have a 1 day (24 hours) cancellation policy. Failure to let us know within this time will result in a cancellation charge equal to the first night of your stay.<\/p><\/li><li><h4>Are there any ATM\u2019s nearby?<\/h4><p>There is an ATM available at the Super 24 in El Pared\u00f3n. And if you ever run out of cash, no worries \u2014 we also accept credit cards.\u00a0<\/p><\/li><li><h4>Can I bring my own alcohol?<\/h4><p>You may <b>not <\/b>have your own alcohol on the property. We have 2 fully stocked bars, so you won\u2019t need it anyway.\u00a0<\/p><\/li><li><h4>Do you have a booking minimum?<\/h4><p>Yes, all accommodation types require a 2 night minimum booking.<\/p><\/li><\/ul>\n<h1 style=\\\"text-align: center;\\\">Get in touch!<\/h1>\n<a href=\"https:\/\/api.whatsapp.com\/send?phone=50230366891\" target=\"_blank\" rel=\"noopener\">\n Whatsapp\n <em><svg aria-hidden=\"true\"><use href=\"#tf-ti-mobile\"><\/use><\/svg><\/em> <\/a>\n<h2 style=\\\"text-align: center;\\\"><b>How to get to us!<\/b><\/h2>\n<p>\u00a0<\/p> <p>We\u2019re located right on the beach in the heart of El Pared\u00f3n. You can get to us by:<\/p> <p><strong><img decoding=\"async\" src=\"\\&quot;https:\/\/thedriftwoodsurfer.net\/wp-content\/uploads\/2019\/10\/My-Post-Copy-2.png\\&quot;\" alt=\"\\&quot;\\&quot;\" width=\"\\&quot;72\\&quot;\" height=\"\\&quot;72\\&quot;\" \/><\/strong><\/p> <p><b>Public shuttle (direct):<\/b><\/p> <p><b>The shuttle from Antigua to El Paredon:<\/b><\/p> <p>Daily 9:00 am and 3 pm and they take about 2.5 hours to get to us. Q110 one way<\/p> <p><b>\u00a0<\/b><\/p> <p><b>The shuttle from El Paredon to Panajachel Lake Atitlan<\/b><\/p> <p>Daily at 8 am, it is a 3.5-hour drive. Q200 one way<\/p> <p><strong>The shuttle from El Paredon to San pedro Lake Atitlan<\/strong><\/p> <p>Daily at 9 am, it is a 4-hour drive. Q215 one way<\/p> <p><b>The shuttle from El Paredon to Guatemala City:<\/b><\/p> <p>Shuttle departs every day at 9 am and 3 pm every day and stops at Antigua, from there goes to Guatemala City. This takes about 4.5 hours to get there. Q200 one way<\/p> <p><b>The shuttle from Guatemala City to El Paredon:<\/b><\/p> <p>Leaves at 7 am from either your hostel or airport (some restrictions apply, check in advance), stops in Antigua, and then continues to El Paredon, which takes 4.5 hours. Q200 one way<\/p> <p><strong>The shuttle from El Paredon to El Salvador ( El Tunco or Santa Ana):<\/strong><\/p> <p>Leaves at 9 am from The Driftwood Surfer. Q400 one way<\/p> <p>\u00a0<\/p> <p>If you\u2019re coming from the airport or Antigua and want a private direct shuttle \u2013 just send us a message and we can organize that for you!<\/p> <p>If you would like a private shuttle we are able to organize this for you.\u00a0<\/p> <p><b><img decoding=\"async\" src=\"\\&quot;https:\/\/thedriftwoodsurfer.net\/wp-content\/uploads\/2019\/10\/My-Post-Copy-3.png\\&quot;\" alt=\"\\&quot;\\&quot;\" width=\"\\&quot;79\\&quot;\" height=\"\\&quot;79\\&quot;\" \/>Car: <\/b><\/p> <p>If you want to road trip to the coast, it\u2019s about a 2-3 hour drive from Antigua. Just put our name into <a href=\"\\&quot;https:\/\/goo.gl\/maps\/E2ekhuKAUKCLJPZeA\\&quot;\">Google Maps<\/a> or <a href=\"\\&quot;https:\/\/www.waze.com\/ul?ll=13.91599971%2C-91.06889248&amp;navigate=yes&amp;zoom=17\\&quot;\">Waze<\/a> and it\u2019ll take you straight to us!<\/p>","_links":{"self":[{"href":"https:\/\/thedriftwoodsurfer.net\/es\/wp-json\/wp\/v2\/pages\/64","targetHints":{"allow":["GET"]}}],"collection":[{"href":"https:\/\/thedriftwoodsurfer.net\/es\/wp-json\/wp\/v2\/pages"}],"about":[{"href":"https:\/\/thedriftwoodsurfer.net\/es\/wp-json\/wp\/v2\/types\/page"}],"author":[{"embeddable":true,"href":"https:\/\/thedriftwoodsurfer.net\/es\/wp-json\/wp\/v2\/users\/1"}],"replies":[{"embeddable":true,"href":"https:\/\/thedriftwoodsurfer.net\/es\/wp-json\/wp\/v2\/comments?post=64"}],"version-history":[{"count":15,"href":"https:\/\/thedriftwoodsurfer.net\/es\/wp-json\/wp\/v2\/pages\/64\/revisions"}],"predecessor-version":[{"id":4915,"href":"https:\/\/thedriftwoodsurfer.net\/es\/wp-json\/wp\/v2\/pages\/64\/revisions\/4915"}],"wp:featuredmedia":[{"embeddable":true,"href":"https:\/\/thedriftwoodsurfer.net\/es\/wp-json\/wp\/v2\/media\/729"}],"wp:attachment":[{"href":"https:\/\/thedriftwoodsurfer.net\/es\/wp-json\/wp\/v2\/media?parent=64"}],"curies":[{"name":"wp","href":"https:\/\/api.w.org\/{rel}","templated":true}]}}