{"id":438,"date":"2019-09-16T13:38:33","date_gmt":"2019-09-16T13:38:33","guid":{"rendered":"http:\/\/thedriftwoodsurfer.net\/?page_id=438"},"modified":"2025-09-29T14:52:50","modified_gmt":"2025-09-29T14:52:50","slug":"volunteer","status":"publish","type":"page","link":"https:\/\/thedriftwoodsurfer.net\/es\/volunteer\/","title":{"rendered":"Voluntariado"},"content":{"rendered":"<!--themify_builder_content-->\r\n<div id=\"themify_builder_content-438\" data-postid=\"438\" class=\"themify_builder_content themify_builder_content-438 themify_builder tf_clear\">\r\n    \t\t\t<!-- module_row -->\r\n\t<div  data-zoom-bg=\"mobile\" data-lazy=\"1\" class=\"module_row themify_builder_row tb_5nlb423 tb_first tf_w tf_clearfix\">\r\n\t    <div class=\"builder_row_cover tf_abs\"><\/div><div class=\"tb_row_frame_wrap tf_overflow tf_abs\" data-lazy=\"1\"><div class=\"tb_row_frame tb_row_frame_bottom  tf_abs tf_hide tf_overflow tf_w\"><\/div><\/div>\t\t\t<div class=\"row_inner col_align_top tb_col_count_1 tf_box tf_rel\">\r\n\t\t            <div  data-lazy=\"1\" class=\"module_column tb-column col-full tb_80m6519 first\">\r\n                                                        <div class=\"tb-column-inner tf_box tf_w\">\r\n                        <!-- module image -->\r\n<div  class=\"module module-image tb_hcht514   image-top tf_mw\" data-lazy=\"1\">\r\n        <div class=\"image-wrap tf_rel tf_mw\">\r\n\t\t    <img loading=\"lazy\" decoding=\"async\" src=\"https:\/\/thedriftwoodsurfer.net\/wp-content\/uploads\/2019\/09\/whitelogo-2-300x300.png\" width=\"300\" height=\"300\" class=\"wp-post-image wp-image-94\" title=\"whitelogo\" alt=\"logo driftwood\" srcset=\"\" sizes=\"auto, (max-width: 300px) 100vw, 300px\" data-srcset=\"\" \/>\t\r\n\t\t<\/div>\r\n\t<!-- \/image-wrap -->\r\n    \r\n    \t<\/div>\r\n<!-- \/module image --><!-- module plain text -->\r\n<div  class=\"module module-plain-text tb_wnxb519\" data-lazy=\"1\">\r\n        <div class=\"tb_text_wrap\">\r\n\tVoluntariado con nosotros    <\/div>\r\n<\/div>\r\n<!-- \/module plain text -->                    <\/div><!-- .tb-column-inner -->\r\n                            <\/div><!-- .module_column -->\r\n            \t    <\/div><!-- .row_inner -->\r\n\t<\/div><!-- .module_row -->\r\n\t\t\t\t<!-- module_row -->\r\n\t<div  data-lazy=\"1\" class=\"module_row themify_builder_row tb_zqgy171 tf_w tf_clearfix\">\r\n\t    \t\t\t<div class=\"row_inner col_align_top tb_col_count_1 tf_box tf_rel\">\r\n\t\t            <div  data-lazy=\"1\" class=\"module_column tb-column col-full tb_vngs100 first\">\r\n                                                        <div class=\"tb-column-inner tf_box tf_w\">\r\n                        <!-- module text -->\r\n<div  class=\"module module-text tb_5xfr760\" data-lazy=\"1\">\r\n        <div  class=\"tb_text_wrap\">\r\n    <h4><strong>Join Our Super Fun Volunteer Team at The Driftwood Surfer Hostel &#8211; Surf, Connect, and Make Unforgettable Memories!<\/strong><\/h4>\n<p>Are you a beach-loving traveler who enjoys the thrill of surfing and making new friends along the way? We have the perfect opportunity for you! The Driftwood Surfer Hostel is looking for enthusiastic volunteers to join our team and help create an amazing experience for our guests.<\/p>\n<p>If you&#8217;re someone who always wears a smile, loves engaging in friendly conversations, and is ready to contribute your hard work to ensure everyone has a fantastic time, then we want YOU to be a part of Guatemala&#8217;s best beach hostel!<\/p>\n<p>As a volunteer, you&#8217;ll have the chance to immerse yourself in the vibrant beach atmosphere we&#8217;re known for. Whether you&#8217;re assisting with daily operations, organizing fun activities, or simply making our guests feel at home, your energy and positive attitude will make a significant impact.<\/p>\n<p>At The Driftwood Surfer Hostel, we believe in fostering a sense of community and creating unforgettable memories. Join our welcoming team, connect with like-minded travelers, and experience the joy of sharing incredible moments together.<\/p>\n<p>If you&#8217;re ready for an exciting volunteer experience that combines your passion for surfing, creating connections, and making lifelong memories, seize this opportunity to join us.<\/p>\n<p>Apply now and become a valued member of The Driftwood Surfer Hostel, where beachside adventures and lifelong friendships await!<\/p>    <\/div>\r\n<\/div>\r\n<!-- \/module text -->                    <\/div><!-- .tb-column-inner -->\r\n                            <\/div><!-- .module_column -->\r\n            \t    <\/div><!-- .row_inner -->\r\n\t<\/div><!-- .module_row -->\r\n\t\t\t\t<!-- module_row -->\r\n\t<div  data-lazy=\"1\" class=\"module_row themify_builder_row tb_cfak397 tf_w tf_clearfix\">\r\n\t    <div class=\"builder_row_cover tf_abs\"><\/div>\t\t\t<div class=\"row_inner col_align_top tb_col_count_1 tf_box tf_rel\">\r\n\t\t            <div  data-lazy=\"1\" class=\"module_column tb-column col-full tb_79si397 first\">\r\n                                                        <div class=\"tb-column-inner tf_box tf_w\">\r\n                        <!-- module plain text -->\r\n<div  class=\"module module-plain-text tb_qdbh397\" data-lazy=\"1\">\r\n        <div class=\"tb_text_wrap\">\r\n\tQu\u00e9 te ofrecemos?    <\/div>\r\n<\/div>\r\n<!-- \/module plain text -->                    <\/div><!-- .tb-column-inner -->\r\n                            <\/div><!-- .module_column -->\r\n            \t    <\/div><!-- .row_inner -->\r\n\t<\/div><!-- .module_row -->\r\n\t\t\t\t<!-- module_row -->\r\n\t<div  data-lazy=\"1\" class=\"module_row themify_builder_row tb_qbkn901 tf_w tf_clearfix\">\r\n\t    \t\t\t<div class=\"row_inner col_align_top tb_col_count_2 tf_box tf_rel\">\r\n\t\t            <div  data-lazy=\"1\" class=\"module_column tb-column tb_8zdz903 first\">\r\n                                                        <div class=\"tb-column-inner tf_box tf_w\">\r\n                        <!-- module text -->\r\n<div  class=\"module module-text tb_2gd3985\" data-lazy=\"1\">\r\n        <div  class=\"tb_text_wrap\">\r\n    <h1>\u00bfQu\u00e9 queremos de ti?<\/h1>\n<p>Estamos buscando gente amistosa y energ\u00e9tica para que se unan a nuestra peque\u00f1a familia. Nuestras dos prioridades son que se diviertan y que puedan establecer la atm\u00f3sfera para que nuestros hu\u00e9spedes se diviertan.<\/p>\n<p>You are expected to be punctual and attentive to our guests while on shift. Additionally, a little bit of Spanish language knowledge and hospitality experience is also necessary.\u00a0<\/p>\n<p>Driftwood Surfer volunteers are asked to work 6 shifts a week, 6 hours per shift. The shifts are either running the pool bar or the upstairs bar &amp; restaurant.<\/p>\n<p>Cuando no est\u00e1s en tu turno, tenemos un mont\u00f3n de actividades en las que puedes participar, como la liberaci\u00f3n de tortugas marinas, juegos de volleyball, \u00a1y m\u00e1s! Adem\u00e1s, como voluntario, puedes usar gratis y sin l\u00edmite nuestras tablas de surf.<br \/><br \/><strong>Sometimes, we have other positions available! If you&#8217;re good with marketing or\u00a0 have any tradesman skills &#8211; let us know!\u00a0<\/strong><br \/><br \/><br \/><\/p>    <\/div>\r\n<\/div>\r\n<!-- \/module text -->                    <\/div><!-- .tb-column-inner -->\r\n                            <\/div><!-- .module_column -->\r\n                        <div  data-lazy=\"1\" class=\"module_column tb-column tb_pk2m903 last\">\r\n                                                        <div class=\"tb-column-inner tf_box tf_w\">\r\n                        <!-- module text -->\r\n<div  class=\"module module-text tb_gwy7277\" data-lazy=\"1\">\r\n        <div  class=\"tb_text_wrap\">\r\n    <h1>\u00bfQu\u00e9 ofrecemos?<\/h1>\n<p>- Una cama c\u00f3moda en el dormitorio de nuestro staff con aire acondicionado.<br \/>\u2022 Delicious meals for breakfast, lunch, and dinner &#8211; every day.<br \/>- Descuento en el precio del alcohol, los refrescos y los smoothies.<br \/>- \u00a1Tips del bar!<br \/>- Acceso a nuestras instalaciones de lavander\u00eda.<br \/>- Uso libre de nuestra gran selecci\u00f3n de tablas de surf.\u00a0<br \/>- Estad\u00eda gratis en nuestra amplia red de hostales afiliados en Guatemala.<br \/>- Descuentos en los traslados a otros lugares de Guatemala.<br \/>- Buenos momentos garantizados.<\/p>    <\/div>\r\n<\/div>\r\n<!-- \/module text -->                    <\/div><!-- .tb-column-inner -->\r\n                            <\/div><!-- .module_column -->\r\n            \t    <\/div><!-- .row_inner -->\r\n\t<\/div><!-- .module_row -->\r\n\t\t\t\t<!-- module_row -->\r\n\t<div  data-lazy=\"1\" class=\"module_row themify_builder_row tb_eu2v79 tf_w tf_clearfix\">\r\n\t    \t\t\t<div class=\"row_inner col_align_top tb_col_count_1 tf_box tf_rel\">\r\n\t\t            <div  data-lazy=\"1\" class=\"module_column tb-column col-full tb_64ij82 first\">\r\n                                                        <div class=\"tb-column-inner tf_box tf_w\">\r\n                        <!-- module divider -->\r\n<div  class=\"module tf_mw module-divider tb_8wn9311 solid\" style=\"border-width: 1px;border-color: #000000;\" data-lazy=\"1\">\r\n    <\/div>\r\n<!-- \/module divider -->\r\n<!-- module text -->\r\n<div  class=\"module module-text tb_g66j754\" data-lazy=\"1\">\r\n        <div  class=\"tb_text_wrap\">\r\n    <h1>\u00bfSuena bien? Llena este formulario si quieres unirte al equipo!<\/h1>    <\/div>\r\n<\/div>\r\n<!-- \/module text --><!-- module text -->\r\n<div  class=\"module module-text tb_qvvh239\" data-lazy=\"1\">\r\n        <div  class=\"tb_text_wrap\">\r\n    <p style=\"\\\"text-align:\" center;\\\"><div id=\"simple-contact-form-wrap\">\r\n\t\t<div id=\"simple-contact-form\" class=\"scf\">\r\n\t\t\t<form action=\"#simple-contact-form-wrap\" method=\"post\" data-trp-original-action=\"#simple-contact-form-wrap\">\r\n\t\t\t\t<div class=\"scf-row scf-name\">\r\n\t\t\t\t\t<label for=\"scf_name\">Nombre Completo<\/label>\r\n\t\t\t\t\t<input name=\"scf_name\" id=\"scf_name\" type=\"text\" size=\"33\" maxlength=\"99\" value=\"\" placeholder=\"Bruce Wayne\" \/>\r\n\t\t\t\t<\/div>\r\n\t\t\t\t<div class=\"scf-row scf-email\">\r\n\t\t\t\t\t<label for=\"scf_email\">E-mail<\/label>\r\n\t\t\t\t\t<input name=\"scf_email\" id=\"scf_email\" type=\"text\" size=\"33\" maxlength=\"99\" value=\"\" placeholder=\"brucewayne@gotham.com\" \/>\r\n\t\t\t\t<\/div>\r\n\t\t\t\t<div class=\"scf-row scf-subject\">\r\n\t\t\t\t\t<label for=\"scf_subject\">Asunto<\/label>\r\n\t\t\t\t\t<input name=\"scf_subject\" id=\"scf_subject\" type=\"text\" size=\"33\" maxlength=\"99\" value=\"\" placeholder=\"\" \/>\r\n\t\t\t\t<\/div>\r\n\t\t\t\t<div class=\"scf-row scf-response\">\r\n\t\t\t\t\t<label for=\"scf_response\">1 + 1 =<\/label>\r\n\t\t\t\t\t<input name=\"scf_response\" id=\"scf_response\" type=\"text\" size=\"33\" maxlength=\"99\" value=\"\" placeholder=\"Correct Response\" \/>\r\n\t\t\t\t<\/div>\r\n\t\t\t\t<div class=\"scf-row scf-message\">\r\n\t\t\t\t\t<label for=\"scf_message\">Mensaje<\/label>\r\n\t\t\t\t\t<textarea name=\"scf_message\" id=\"scf_message\" cols=\"33\" rows=\"7\" placeholder=\"Escribe aqu\u00ed lo que nos quieras decir.\"><\/textarea>\r\n\t\t\t\t<\/div><div class=\"scf-submit\">\r\n\t\t\t\t\t<input type=\"submit\" id=\"scf-button\" value=\"Mandar e-mail\">\r\n\t\t\t\t\t<input type=\"hidden\" id=\"scf-key\" name=\"scf-key\" value=\"process\">\r\n\t\t\t\t\t<input type=\"hidden\" id=\"scf-nonce\" name=\"scf-nonce\" value=\"ea47b3c166\" \/>\r\n\t\t\t\t<\/div>\t<div class=\"scf-confirm-checkbox\">\r\n\t\t<label><input type=\"checkbox\" required> Al hacer clic en esto, tienes entendido que tu correo electr\u00f3nico fue enviado pero tus fechas no han sido confirmadas. Recibir\u00e1s un correo electr\u00f3nico de seguimiento para responder a tus preguntas o confirmar tu estad\u00eda.<\/label>\r\n\t<\/div><!-- .scf-confirm-checkbox -->\r\n\t<input type=\"hidden\" name=\"trp-form-language\" value=\"es\"\/><\/form>\r\n\t\t<\/div>\r\n\t\t<style>.scf-confirm-checkbox { margin-top: 15px; } .scf-website3dhhsy3 { display: none; } #simple-contact-form .scf-row { width: 100%; overflow: hidden; margin: 5px 0; padding: 5px 0; border: 0; } #simple-contact-form .scf-row input { box-sizing: border-box; float: left; clear: none; width: 75%; margin: 0; } #simple-contact-form .scf-row label { box-sizing: border-box; float: left; clear: both; width: 25%; margin-top: 5px; font-size: 90%; } #simple-contact-form .scf-row textarea { box-sizing: border-box; float: left; clear: both; width: 100%; margin-top: 2px; }#simple-contact-form form { max-width: 700px; padding: 5px; } #simple-contact-form fieldset { width: 100%; overflow: hidden; margin: 5px 0; padding: 5px 0; border: 0; } #simple-contact-form fieldset input { box-sizing: border-box; float: left; clear: none; width: 75%; margin: 0; } #simple-contact-form fieldset label { box-sizing: border-box; float: left; clear: both; width: 25%; margin-top: 5px; font-size: 90%; } #simple-contact-form fieldset textarea { box-sizing: border-box; float: left; clear: both; width: 100%; margin-top: 2px; } #scf_success pre { white-space: pre-wrap; } p.scf_error, p.scf_spam { color: #cc0000; } div.scf-submit { margin-top: 10px; } p.scf_success { color: #669966; } .scf-confirm-checkbox { margin-top: 15px; } .scf-website3dhhsy3 { display: none; }<\/style><div style=\"clear:both\">&nbsp;<\/div><\/div><\/p>    <\/div>\r\n<\/div>\r\n<!-- \/module text -->                    <\/div><!-- .tb-column-inner -->\r\n                            <\/div><!-- .module_column -->\r\n            \t    <\/div><!-- .row_inner -->\r\n\t<\/div><!-- .module_row -->\r\n\t<\/div>\r\n<!--\/themify_builder_content-->","protected":false},"excerpt":{"rendered":"<p>Volunteer with us Join Our Super Fun Volunteer Team at The Driftwood Surfer Hostel &#8211; Surf, Connect, and Make Unforgettable Memories! Are you a beach-loving traveler who enjoys the thrill of surfing and making new friends along the way? We have the perfect opportunity for you! The Driftwood Surfer Hostel is looking for enthusiastic volunteers [&hellip;]<\/p>\n","protected":false},"author":1,"featured_media":682,"parent":0,"menu_order":0,"comment_status":"closed","ping_status":"closed","template":"","meta":{"om_disable_all_campaigns":false,"_monsterinsights_skip_tracking":false,"_monsterinsights_sitenote_active":false,"_monsterinsights_sitenote_note":"","_monsterinsights_sitenote_category":0,"_uf_show_specific_survey":0,"_uf_disable_surveys":false,"footnotes":""},"class_list":["post-438","page","type-page","status-publish","has-post-thumbnail","hentry","has-post-title","has-post-date","has-post-category","has-post-tag","has-post-comment","has-post-author",""],"builder_content":"<img src=\"https:\/\/thedriftwoodsurfer.net\/wp-content\/uploads\/2019\/09\/whitelogo-2-300x300.png\" width=\"300\" height=\"300\" title=\"whitelogo\" alt=\"logo driftwood\" srcset=\"https:\/\/thedriftwoodsurfer.net\/wp-content\/uploads\/2019\/09\/whitelogo-2-300x300.png 300w, https:\/\/thedriftwoodsurfer.net\/wp-content\/uploads\/2019\/09\/whitelogo-2-150x150.png 150w, https:\/\/thedriftwoodsurfer.net\/wp-content\/uploads\/2019\/09\/whitelogo-2-768x768.png 768w, https:\/\/thedriftwoodsurfer.net\/wp-content\/uploads\/2019\/09\/whitelogo-2.png 1000w\" sizes=\"(max-width: 300px) 100vw, 300px\" \/>\nVolunteer with us\n<h4><strong>Join Our Super Fun Volunteer Team at The Driftwood Surfer Hostel - Surf, Connect, and Make Unforgettable Memories!<\/strong><\/h4> <p>Are you a beach-loving traveler who enjoys the thrill of surfing and making new friends along the way? We have the perfect opportunity for you! The Driftwood Surfer Hostel is looking for enthusiastic volunteers to join our team and help create an amazing experience for our guests.<\/p> <p>If you're someone who always wears a smile, loves engaging in friendly conversations, and is ready to contribute your hard work to ensure everyone has a fantastic time, then we want YOU to be a part of Guatemala's best beach hostel!<\/p> <p>As a volunteer, you'll have the chance to immerse yourself in the vibrant beach atmosphere we're known for. Whether you're assisting with daily operations, organizing fun activities, or simply making our guests feel at home, your energy and positive attitude will make a significant impact.<\/p> <p>At The Driftwood Surfer Hostel, we believe in fostering a sense of community and creating unforgettable memories. Join our welcoming team, connect with like-minded travelers, and experience the joy of sharing incredible moments together.<\/p> <p>If you're ready for an exciting volunteer experience that combines your passion for surfing, creating connections, and making lifelong memories, seize this opportunity to join us.<\/p> <p>Apply now and become a valued member of The Driftwood Surfer Hostel, where beachside adventures and lifelong friendships await!<\/p>\nWhat's the deal?\n<h1>What do we want from you?<\/h1> <p>We are searching for friendly and energetic people to join our little family. Our two key priorities are that you have fun and that you can set the vibe for our guests to enjoy themselves!<\/p> <p>You are expected to be punctual and attentive to our guests while on shift. Additionally, a little bit of Spanish language knowledge and hospitality experience is also necessary.\u00a0<\/p> <p>Driftwood Surfer volunteers are asked to work 6 shifts a week, 6 hours per shift. The shifts are either running the pool bar or the upstairs bar &amp; restaurant.<\/p> <p>When you're not on shift, we have a bunch of activities you can participate in - like the sea turtle release, volleyball games, and more! Also, as a volunteer - you get unlimited free use of our surfboards!<br \/><br \/><strong>Sometimes, we have other positions available! If you're good with marketing or\u00a0 have any tradesman skills - let us know!\u00a0<\/strong><br \/><br \/><br \/><\/p>\n<h1>What do we offer?<\/h1> <p>\u2022 A comfy bed in our staff dorm with air conditioning.<br \/>\u2022 Delicious meals for breakfast, lunch, and dinner - every day.<br \/>\u2022 Cost price alcohol, sodas, and smoothies.<br \/>\u2022 Bar tips!<br \/>\u2022 Access to our laundry facilities.<br \/>\u2022 Free use of our huge surfboard selection.\u00a0<br \/>\u2022 Stay for free at our wide network of partner hostels in Guatemala.<br \/>\u2022 Discounted shuttles to other places in Guatemala.<br \/>\u2022 Guaranteed good times.<\/p>\n\n<h1>Sounds good? Fill out this form if you want to join the team!<\/h1>\n<p style=\\\"text-align: center;\\\">[simple_contact_form]<\/p>","_links":{"self":[{"href":"https:\/\/thedriftwoodsurfer.net\/es\/wp-json\/wp\/v2\/pages\/438","targetHints":{"allow":["GET"]}}],"collection":[{"href":"https:\/\/thedriftwoodsurfer.net\/es\/wp-json\/wp\/v2\/pages"}],"about":[{"href":"https:\/\/thedriftwoodsurfer.net\/es\/wp-json\/wp\/v2\/types\/page"}],"author":[{"embeddable":true,"href":"https:\/\/thedriftwoodsurfer.net\/es\/wp-json\/wp\/v2\/users\/1"}],"replies":[{"embeddable":true,"href":"https:\/\/thedriftwoodsurfer.net\/es\/wp-json\/wp\/v2\/comments?post=438"}],"version-history":[{"count":8,"href":"https:\/\/thedriftwoodsurfer.net\/es\/wp-json\/wp\/v2\/pages\/438\/revisions"}],"predecessor-version":[{"id":4905,"href":"https:\/\/thedriftwoodsurfer.net\/es\/wp-json\/wp\/v2\/pages\/438\/revisions\/4905"}],"wp:featuredmedia":[{"embeddable":true,"href":"https:\/\/thedriftwoodsurfer.net\/es\/wp-json\/wp\/v2\/media\/682"}],"wp:attachment":[{"href":"https:\/\/thedriftwoodsurfer.net\/es\/wp-json\/wp\/v2\/media?parent=438"}],"curies":[{"name":"wp","href":"https:\/\/api.w.org\/{rel}","templated":true}]}}