{"id":1409,"date":"2020-06-26T20:57:40","date_gmt":"2020-06-26T20:57:40","guid":{"rendered":"https:\/\/thedriftwoodsurfer.net\/?page_id=1409"},"modified":"2020-06-26T21:10:15","modified_gmt":"2020-06-26T21:10:15","slug":"more-stuff-to-tell-you","status":"publish","type":"page","link":"https:\/\/thedriftwoodsurfer.net\/es\/about\/more-stuff-to-tell-you\/","title":{"rendered":"M\u00e1s cosas que decirte"},"content":{"rendered":"<!--themify_builder_content-->\r\n<div id=\"themify_builder_content-1409\" data-postid=\"1409\" class=\"themify_builder_content themify_builder_content-1409 themify_builder tf_clear\">\r\n    \t\t\t<!-- module_row -->\r\n\t<div  data-zoom-bg=\"desktop\" data-lazy=\"1\" class=\"module_row themify_builder_row tb_vd0s181 tb_first tf_w tf_clearfix\">\r\n\t    <div class=\"builder_row_cover tf_abs\"><\/div><div class=\"tb_row_frame_wrap tf_overflow tf_abs\" data-lazy=\"1\"><div class=\"tb_row_frame tb_row_frame_bottom  tf_abs tf_hide tf_overflow tf_w\"><\/div><\/div>\t\t\t<div class=\"row_inner col_align_top tb_col_count_1 tf_box tf_rel\">\r\n\t\t            <div  data-lazy=\"1\" class=\"module_column tb-column col-full tb_6682913 first\">\r\n                                                        <div class=\"tb-column-inner tf_box tf_w\">\r\n                        <!-- module image -->\r\n<div  class=\"module module-image tb_iifa386   image-top tf_mw\" data-lazy=\"1\">\r\n        <div class=\"image-wrap tf_rel tf_mw\">\r\n\t\t    <img loading=\"lazy\" decoding=\"async\" src=\"https:\/\/thedriftwoodsurfer.net\/wp-content\/uploads\/2019\/09\/whitelogo-2-300x300.png\" width=\"300\" height=\"300\" class=\"wp-post-image wp-image-94\" title=\"whitelogo\" alt=\"logo driftwood\" srcset=\"\" sizes=\"auto, (max-width: 300px) 100vw, 300px\" data-srcset=\"\" \/>\t\r\n\t\t<\/div>\r\n\t<!-- \/image-wrap -->\r\n    \r\n    \t<\/div>\r\n<!-- \/module image --><!-- module text -->\r\n<div  class=\"module module-text tb_wbrj775\" data-lazy=\"1\">\r\n        <div  class=\"tb_text_wrap\">\r\n    <p style=\"\\\"text-align:\" center;\\\">M\u00e1s cosas que decirte<\/p>    <\/div>\r\n<\/div>\r\n<!-- \/module text -->                    <\/div><!-- .tb-column-inner -->\r\n                            <\/div><!-- .module_column -->\r\n            \t    <\/div><!-- .row_inner -->\r\n\t<\/div><!-- .module_row -->\r\n\t\t\t\t<!-- module_row -->\r\n\t<div  data-lazy=\"1\" class=\"module_row themify_builder_row tb_xtj9268 tf_w tf_clearfix\">\r\n\t    \t\t\t<div class=\"row_inner col_align_top tb_col_count_1 tf_box tf_rel\">\r\n\t\t            <div  data-lazy=\"1\" class=\"module_column tb-column col-full tb_si18268 first\">\r\n                                                        <div class=\"tb-column-inner tf_box tf_w\">\r\n                        <!-- module text -->\r\n<div  class=\"module module-text tb_lxyt740\" data-lazy=\"1\">\r\n        <div  class=\"tb_text_wrap\">\r\n    <h1 style=\"\\\"text-align:\" center;\\\"><b>Sonrisa Immaculata \u2013 Dentistry for Good<\/b><b><br \/><\/b><\/h1>    <\/div>\r\n<\/div>\r\n<!-- \/module text -->                    <\/div><!-- .tb-column-inner -->\r\n                            <\/div><!-- .module_column -->\r\n            \t    <\/div><!-- .row_inner -->\r\n\t<\/div><!-- .module_row -->\r\n\t\t\t\t<!-- module_row -->\r\n\t<div  data-lazy=\"1\" class=\"module_row themify_builder_row tb_ykrk706 tf_w tf_clearfix\">\r\n\t    \t\t\t<div class=\"row_inner col_align_top tb_col_count_1 tf_box tf_rel\">\r\n\t\t            <div  data-lazy=\"1\" class=\"module_column tb-column col-full tb_upwh707 first\">\r\n                                                        <div class=\"tb-column-inner tf_box tf_w\">\r\n                        <!-- module text -->\r\n<div  class=\"module module-text tb_5sj3325\" data-lazy=\"1\">\r\n        <div  class=\"tb_text_wrap\">\r\n    <p style=\"\\\"text-align:\" center;\\\"><span style=\"\\\"font-weight:\" 400;\\\">Cada a\u00f1o The Driftwood Surfer dirige un incre\u00edble proyecto llamado Sonrisa Immaculata (Sonrisa Inmaculada).Tenemos el placer de recibir a excelentes dentistas internacionales que han venido voluntariamente a educar a la comunidad local de El Pared\u00f3n sobre la higiene dental.  Tambi\u00e9n proporcionan limpieza de dientes, empastes y otros procedimientos dentales para el pueblo sin costo adicional.\u00a0<\/span><\/p>\n<p style=\"\\\"text-align:\" center;\\\"><span style=\"\\\"font-weight:\" 400;\\\">El hostal proporciona alojamiento y comidas gratuitas a los dentistas durante la duraci\u00f3n del proyecto. Adem\u00e1s, trabajamos estrechamente con una ONG local, La Choza Chula, para coordinar el traer a estudiantes de las escuelas del pueblo y otros grupos de la zona para participar en el programa y recibir una limpieza.<\/span><\/p>    <\/div>\r\n<\/div>\r\n<!-- \/module text -->                    <\/div><!-- .tb-column-inner -->\r\n                            <\/div><!-- .module_column -->\r\n            \t    <\/div><!-- .row_inner -->\r\n\t<\/div><!-- .module_row -->\r\n\t\t\t\t<!-- module_row -->\r\n\t<div  data-lazy=\"1\" class=\"module_row themify_builder_row tb_72h3449 tf_w tf_clearfix\">\r\n\t    \t\t\t<div class=\"row_inner col_align_top tb_col_count_2 tf_box tf_rel\">\r\n\t\t            <div  data-lazy=\"1\" class=\"module_column tb-column col2-1 tb_6o3g450 first\">\r\n                                                        <div class=\"tb-column-inner tf_box tf_w\">\r\n                        <!-- module image -->\r\n<div  class=\"module module-image tb_7qr7406 rounded  image-top tf_mw\" data-lazy=\"1\">\r\n        <div class=\"image-wrap tf_rel tf_mw\">\r\n\t\t    <img loading=\"lazy\" decoding=\"async\" src=\"https:\/\/thedriftwoodsurfer.net\/wp-content\/uploads\/2020\/04\/dentist4-560x330.jpg\" width=\"560\" height=\"330\" class=\"wp-post-image wp-image-1173\" title=\"dentist4\" alt=\"dentist4\">\t\r\n\t\t<\/div>\r\n\t<!-- \/image-wrap -->\r\n    \r\n    \t<\/div>\r\n<!-- \/module image --><!-- module text -->\r\n<div  class=\"module module-text tb_efnr734\" data-lazy=\"1\">\r\n        <div  class=\"tb_text_wrap\">\r\n    <p style=\"\\\"text-align:\" center;\\\"><span style=\"\\\"font-weight:\" 400;\\\">El a\u00f1o pasado fue un esfuerzo asombroso y pudimos completar m\u00e1s de <\/span><b>10,000 d\u00f3lares en tratamientos<\/b><span style=\"\\\"font-weight:\" 400;\\\"> para la comunidad, completamente gratis. Los dentistas pudieron atender a 746 pacientes y alrededor de 500 de ellos eran ni\u00f1os. Colocaron m\u00e1s de 1,500 empastes, extrajeron m\u00e1s de 220 dientes y sellaron incontables dientes m\u00e1s. Adem\u00e1s de todo esto, fueron capaces de ense\u00f1ar a m\u00e1s de 1,000 personas la higiene dental y la prevenci\u00f3n de la caries - \u00a1todo en s\u00f3lo 4 d\u00edas y medio!<\/span><\/p>    <\/div>\r\n<\/div>\r\n<!-- \/module text -->                    <\/div><!-- .tb-column-inner -->\r\n                            <\/div><!-- .module_column -->\r\n                        <div  data-lazy=\"1\" class=\"module_column tb-column col2-1 tb_swqo450 last\">\r\n                                                        <div class=\"tb-column-inner tf_box tf_w\">\r\n                        <!-- module image -->\r\n<div  class=\"module module-image tb_ozou706 rounded  image-top tf_mw\" data-lazy=\"1\">\r\n        <div class=\"image-wrap tf_rel tf_mw\">\r\n\t\t    <img loading=\"lazy\" decoding=\"async\" src=\"https:\/\/thedriftwoodsurfer.net\/wp-content\/uploads\/2020\/04\/dentist2-560x330.jpg\" width=\"560\" height=\"330\" class=\"wp-post-image wp-image-1171\" title=\"dentist2\" alt=\"dentist2\">\t\r\n\t\t<\/div>\r\n\t<!-- \/image-wrap -->\r\n    \r\n    \t<\/div>\r\n<!-- \/module image --><!-- module text -->\r\n<div  class=\"module module-text tb_59iw669\" data-lazy=\"1\">\r\n        <div  class=\"tb_text_wrap\">\r\n    <p style=\"\\\"text-align:\" center;\\\"><span style=\"\\\"font-weight:\" 400;\\\">Siempre estamos buscando voluntarios para ayudar con la traducci\u00f3n, interactuar con los ni\u00f1os y otros aspectos del programa. Lamentablemente, no pudimos organizar el viaje este a\u00f1o debido a COVID-19; sin embargo, planeamos continuar el proyecto el pr\u00f3ximo a\u00f1o y hacerlo nuestro m\u00e1s grande y mejor hasta ahora. Aseg\u00farate de estar atento a nuestras cuentas en las redes sociales si crees que te interesar\u00eda voluntariar cuando empecemos de nuevo!<\/span><\/p>    <\/div>\r\n<\/div>\r\n<!-- \/module text -->                    <\/div><!-- .tb-column-inner -->\r\n                            <\/div><!-- .module_column -->\r\n            \t    <\/div><!-- .row_inner -->\r\n\t<\/div><!-- .module_row -->\r\n\t\t\t\t<!-- module_row -->\r\n\t<div  data-lazy=\"1\" class=\"module_row themify_builder_row tb_hr67717 tf_w tf_clearfix\">\r\n\t    \t\t\t<div class=\"row_inner col_align_top tb_col_count_1 tf_box tf_rel\">\r\n\t\t            <div  data-lazy=\"1\" class=\"module_column tb-column col-full tb_iy1w719 first\">\r\n                                                        <div class=\"tb-column-inner tf_box tf_w\">\r\n                        <!-- module text -->\r\n<div  class=\"module module-text tb_8iwx407\" data-lazy=\"1\">\r\n        <div  class=\"tb_text_wrap\">\r\n    <p style=\"\\\"text-align:\" center;\\\"><span style=\"\\\"font-weight:\" 400;\\\">Haz clic <\/span><a href=\"\/es\/\"https:><b>aqu\u00ed<\/b><\/a> <span style=\"\\\"font-weight:\" 400;\\\">para ver m\u00e1s fotos del \u00faltimo evento que organizamos.<\/span><\/p>    <\/div>\r\n<\/div>\r\n<!-- \/module text -->                    <\/div><!-- .tb-column-inner -->\r\n                            <\/div><!-- .module_column -->\r\n            \t    <\/div><!-- .row_inner -->\r\n\t<\/div><!-- .module_row -->\r\n\t<\/div>\r\n<!--\/themify_builder_content-->","protected":false},"excerpt":{"rendered":"<p>More stuff to tell you Sonrisa Immaculata &#8211; Dentistry for Good Every year The Driftwood Surfer runs an incredible project called Sonrisa Immaculata (Immaculate Smile). We have the pleasure of hosting excellent international dentists who have flown in, voluntarily to educate the local community of El Paredon on dental hygiene. They also provide teeth cleaning, [&hellip;]<\/p>\n","protected":false},"author":1,"featured_media":138,"parent":25,"menu_order":0,"comment_status":"closed","ping_status":"closed","template":"","meta":{"om_disable_all_campaigns":false,"_monsterinsights_skip_tracking":false,"_monsterinsights_sitenote_active":false,"_monsterinsights_sitenote_note":"","_monsterinsights_sitenote_category":0,"_uf_show_specific_survey":0,"_uf_disable_surveys":false,"footnotes":""},"class_list":["post-1409","page","type-page","status-publish","has-post-thumbnail","hentry","has-post-title","has-post-date","has-post-category","has-post-tag","has-post-comment","has-post-author",""],"builder_content":"<img src=\"https:\/\/thedriftwoodsurfer.net\/wp-content\/uploads\/2019\/09\/whitelogo-2-300x300.png\" width=\"300\" height=\"300\" title=\"whitelogo\" alt=\"logo driftwood\" srcset=\"https:\/\/thedriftwoodsurfer.net\/wp-content\/uploads\/2019\/09\/whitelogo-2-300x300.png 300w, https:\/\/thedriftwoodsurfer.net\/wp-content\/uploads\/2019\/09\/whitelogo-2-150x150.png 150w, https:\/\/thedriftwoodsurfer.net\/wp-content\/uploads\/2019\/09\/whitelogo-2-768x768.png 768w, https:\/\/thedriftwoodsurfer.net\/wp-content\/uploads\/2019\/09\/whitelogo-2.png 1000w\" sizes=\"(max-width: 300px) 100vw, 300px\" \/>\n<p style=\\\"text-align: center;\\\">More stuff to tell you<\/p>\n<h1 style=\\\"text-align: center;\\\"><b>Sonrisa Immaculata - Dentistry for Good<\/b><b><br \/><\/b><\/h1>\n<p style=\\\"text-align: center;\\\">Every year The Driftwood Surfer runs an incredible project called Sonrisa Immaculata (Immaculate Smile). We have the pleasure of hosting excellent international dentists who have flown in, voluntarily to educate the local community of El Paredon on dental hygiene. They also provide teeth cleaning, fillings, and other dental procedures for the town at no extra charge.\u00a0<\/p> <p style=\\\"text-align: center;\\\">The hostel provides free accommodation and meals for the dentists for the duration of the project. Additionally, we work closely with a local NGO, La Choza Chula, in order to coordinate bringing students from the town\u2019s schools and other groups in the area to participate in the program and receive a cleaning.<\/p>\n<img src=\"https:\/\/thedriftwoodsurfer.net\/wp-content\/uploads\/2020\/04\/dentist4-560x330.jpg\" width=\"560\" height=\"330\" title=\"dentist4\" alt=\"dentist4\">\n<p style=\\\"text-align: center;\\\">Last year was an amazing effort and we were able to complete over <b>$10,000 worth of treatments<\/b> for the community- completely free of charge. The dentists were able to attend to 746 patients and around 500 of them were children. They placed over 1500 fillings, extracted more than 220 teeth, and sealed countless more teeth. On top of all of that, they were able to instruct more than 1000 people in dental hygiene and cavity prevention - all in just 4 and a half days!<\/p>\n<img src=\"https:\/\/thedriftwoodsurfer.net\/wp-content\/uploads\/2020\/04\/dentist2-560x330.jpg\" width=\"560\" height=\"330\" title=\"dentist2\" alt=\"dentist2\">\n<p style=\\\"text-align: center;\\\">We are always looking for volunteers to assist with translation, interacting with the children, and other aspects of the program. Sadly, we were unable to organize the trip this year due to COVID-19; however, we plan to continue the project next year and make it our biggest and best yet. Make sure to keep an eye out on our social media accounts if you think you\u2019d be interested in volunteering when we start back up again!<\/p>\n<p style=\\\"text-align: center;\\\">Click <a href=\\\"https:\/\/www.facebook.com\/Sonrisa-Immaculata-Dentistry-for-Good-1858017904443557\/\\\"><b>here<\/b><\/a> to check out some more photos of the last trip we organized.<\/p>","_links":{"self":[{"href":"https:\/\/thedriftwoodsurfer.net\/es\/wp-json\/wp\/v2\/pages\/1409","targetHints":{"allow":["GET"]}}],"collection":[{"href":"https:\/\/thedriftwoodsurfer.net\/es\/wp-json\/wp\/v2\/pages"}],"about":[{"href":"https:\/\/thedriftwoodsurfer.net\/es\/wp-json\/wp\/v2\/types\/page"}],"author":[{"embeddable":true,"href":"https:\/\/thedriftwoodsurfer.net\/es\/wp-json\/wp\/v2\/users\/1"}],"replies":[{"embeddable":true,"href":"https:\/\/thedriftwoodsurfer.net\/es\/wp-json\/wp\/v2\/comments?post=1409"}],"version-history":[{"count":0,"href":"https:\/\/thedriftwoodsurfer.net\/es\/wp-json\/wp\/v2\/pages\/1409\/revisions"}],"up":[{"embeddable":true,"href":"https:\/\/thedriftwoodsurfer.net\/es\/wp-json\/wp\/v2\/pages\/25"}],"wp:featuredmedia":[{"embeddable":true,"href":"https:\/\/thedriftwoodsurfer.net\/es\/wp-json\/wp\/v2\/media\/138"}],"wp:attachment":[{"href":"https:\/\/thedriftwoodsurfer.net\/es\/wp-json\/wp\/v2\/media?parent=1409"}],"curies":[{"name":"wp","href":"https:\/\/api.w.org\/{rel}","templated":true}]}}